{"id":7,"date":"2015-03-03T18:05:28","date_gmt":"2015-03-03T18:05:28","guid":{"rendered":"https:\/\/live-up-and-away.pantheonsite.io\/?page_id=7"},"modified":"2023-06-26T13:50:18","modified_gmt":"2023-06-26T13:50:18","slug":"font-page","status":"publish","type":"page","link":"https:\/\/upandaway.org\/es\/","title":{"rendered":"Avoid a Trip to the Emergency Room"},"content":{"rendered":"","protected":false},"excerpt":{"rendered":"","protected":false},"author":21,"featured_media":1406,"parent":0,"menu_order":0,"comment_status":"open","ping_status":"open","template":"","meta":{"_acf_changed":false,"footnotes":""},"class_list":["post-7","page","type-page","status-publish","has-post-thumbnail","hentry"],"acf":[],"yoast_head":"<!-- This site is optimized with the Yoast SEO Premium plugin v24.6 (Yoast SEO v24.6) - https:\/\/yoast.com\/wordpress\/plugins\/seo\/ -->\n<title>Fuera del Alcance y de la Vista | Pon tus medicamentos fuera del alcance y de la vista de los ni\u00f1osFuera del Acance | Pon tu medicamentos y de la vista de los ni\u00f1os<\/title>\n<meta name=\"description\" content=\"Cada a\u00f1o, 35,000 ni\u00f1os terminan en la sala de emergencias por haber ingerido medicamentos que los adultos dejaron a su alcance. Protege a tu hijo siguiendo nuestros consejos para guardar los medicamentos. 35,000 ni\u00f1os acuden a Urgencias anualmente porque se metieron en medicaci\u00f3n que queda a su alcance. Mantenga a su hijo seguro con nuestros consejos de almacenamiento seguro 35,000 young children visit the ER each year because they got into medication left within reach. Keep your child safe with these tips for safe medicine storage. Cada a\u00f1o, 35,000 ni\u00f1os terminan en la sala de emergencias por haber ingerido medicamentos que los adultos dejaron a su alcance. Protege a tu hijo siguiendo nuestros consejos para guardar los medicamentos.50.000 ni\u00f1os acuden a Urgencias anualmente porque se metieron en medicaci\u00f3n que queda a su alcance. Mantenga a su hijo seguro con nuestros consejos de almacenamiento seguro 35,000 young children visit the ER each year because they got into medication left within reach. Keep your child safe with these tips for safe medicine storage.Cada a\u00f1o, 50,000 ni\u00f1os terminan en la sala de emergencias por haber ingerido medicamentos que los adultos dejaron a su alcance. Protege a tu hijo siguiendo nuestros consejos para guardar los medicamentos. 35,000 ni\u00f1os acuden a Urgencias anualmente porque se metieron en medicaci\u00f3n que queda a su alcance. Mantenga a su hijo seguro con nuestros consejos de almacenamiento seguro50,000 young children visit the ER each year because they got into medication left within reach. Keep your child safe with these tips for safe medicine storage.Cada a\u00f1o, 50,000 ni\u00f1os terminan en la sala de emergencias por haber ingerido medicamentos que los adultos dejaron a su alcance. Protege a tu hijo siguiendo nuestros consejos para guardar los medicamentos.50.000 ni\u00f1os acuden a Urgencias anualmente porque se metieron en medicaci\u00f3n que queda a su alcance. Mantenga a su hijo seguro con nuestros consejos de almacenamiento seguro50,000 young children visit the ER each year because they got into medication left within reach. Keep your child safe with these tips for safe medicine storage.\" \/>\n<meta name=\"robots\" content=\"index, follow, max-snippet:-1, max-image-preview:large, max-video-preview:-1\" \/>\n<link rel=\"canonical\" href=\"https:\/\/upandaway.org\/\" \/>\n<meta property=\"og:locale\" content=\"es_ES\" \/>\n<meta property=\"og:type\" content=\"article\" \/>\n<meta property=\"og:title\" content=\"Avoid a Trip to the Emergency Room\" \/>\n<meta property=\"og:description\" content=\"{:en}35,000 children visit the ER annually because they got into medication left within reach. Keep your child safe with our safe storage tips.{:es}Cada a\u00f1o, 35,000 ni\u00f1os terminan en la sala de emergencias por haber ingerido medicamentos que los adultos dejaron a su alcance. Protege a tu hijo siguiendo nuestros consejos para guardar los medicamentos. 35,000 ni\u00f1os acuden a Urgencias anualmente porque se metieron en medicaci\u00f3n que queda a su alcance. Mantenga a su hijo seguro con nuestros consejos de almacenamiento seguro 35,000 young children visit the ER each year because they got into medication left within reach. Keep your child safe with these tips for safe medicine storage. Cada a\u00f1o, 35,000 ni\u00f1os terminan en la sala de emergencias por haber ingerido medicamentos que los adultos dejaron a su alcance. Protege a tu hijo siguiendo nuestros consejos para guardar los medicamentos.50.000 ni\u00f1os acuden a Urgencias anualmente porque se metieron en medicaci\u00f3n que queda a su alcance. Mantenga a su hijo seguro con nuestros consejos de almacenamiento seguro 35,000 young children visit the ER each year because they got into medication left within reach. Keep your child safe with these tips for safe medicine storage.Cada a\u00f1o, 50,000 ni\u00f1os terminan en la sala de emergencias por haber ingerido medicamentos que los adultos dejaron a su alcance. Protege a tu hijo siguiendo nuestros consejos para guardar los medicamentos. 35,000 ni\u00f1os acuden a Urgencias anualmente porque se metieron en medicaci\u00f3n que queda a su alcance. Mantenga a su hijo seguro con nuestros consejos de almacenamiento seguro50,000 young children visit the ER each year because they got into medication left within reach. Keep your child safe with these tips for safe medicine storage.Cada a\u00f1o, 50,000 ni\u00f1os terminan en la sala de emergencias por haber ingerido medicamentos que los adultos dejaron a su alcance. Protege a tu hijo siguiendo nuestros consejos para guardar los medicamentos.50.000 ni\u00f1os acuden a Urgencias anualmente porque se metieron en medicaci\u00f3n que queda a su alcance. Mantenga a su hijo seguro con nuestros consejos de almacenamiento seguro50,000 young children visit the ER each year because they got into medication left within reach. Keep your child safe with these tips for safe medicine storage.{:}\" \/>\n<meta property=\"og:url\" content=\"https:\/\/upandaway.org\/\" \/>\n<meta property=\"og:site_name\" content=\"Up and Away\" \/>\n<meta property=\"article:modified_time\" content=\"2023-06-26T13:50:18+00:00\" \/>\n<meta property=\"og:image\" content=\"https:\/\/upandaway.org\/wp-content\/uploads\/2019\/02\/bg.jpg\" \/>\n\t<meta property=\"og:image:width\" content=\"990\" \/>\n\t<meta property=\"og:image:height\" content=\"700\" \/>\n\t<meta property=\"og:image:type\" content=\"image\/jpeg\" \/>\n<meta name=\"twitter:card\" content=\"summary_large_image\" \/>\n<script type=\"application\/ld+json\" class=\"yoast-schema-graph\">{\"@context\":\"https:\/\/schema.org\",\"@graph\":[{\"@type\":\"WebPage\",\"@id\":\"https:\/\/upandaway.org\/\",\"url\":\"https:\/\/upandaway.org\/\",\"name\":\"{:en}Up & Away | Put your Medicines Up and Away and Out of Sight of Children Up & Away | Put your Medicines Out of Sight of Children {:es}Fuera del Alcance y de la Vista | Pon tus medicamentos fuera del alcance y de la vista de los ni\u00f1osFuera del Acance | Pon tu medicamentos y de la vista de los ni\u00f1os{:}\",\"isPartOf\":{\"@id\":\"https:\/\/upandaway.org\/#website\"},\"primaryImageOfPage\":{\"@id\":\"https:\/\/upandaway.org\/#primaryimage\"},\"image\":{\"@id\":\"https:\/\/upandaway.org\/#primaryimage\"},\"thumbnailUrl\":\"https:\/\/upandaway.org\/wp-content\/uploads\/2019\/02\/bg.jpg\",\"datePublished\":\"2015-03-03T18:05:28+00:00\",\"dateModified\":\"2023-06-26T13:50:18+00:00\",\"description\":\"{:en}35,000 children visit the ER annually because they got into medication left within reach. Keep your child safe with our safe storage tips.{:es}Cada a\u00f1o, 35,000 ni\u00f1os terminan en la sala de emergencias por haber ingerido medicamentos que los adultos dejaron a su alcance. Protege a tu hijo siguiendo nuestros consejos para guardar los medicamentos. 35,000 ni\u00f1os acuden a Urgencias anualmente porque se metieron en medicaci\u00f3n que queda a su alcance. Mantenga a su hijo seguro con nuestros consejos de almacenamiento seguro 35,000 young children visit the ER each year because they got into medication left within reach. Keep your child safe with these tips for safe medicine storage. Cada a\u00f1o, 35,000 ni\u00f1os terminan en la sala de emergencias por haber ingerido medicamentos que los adultos dejaron a su alcance. Protege a tu hijo siguiendo nuestros consejos para guardar los medicamentos.50.000 ni\u00f1os acuden a Urgencias anualmente porque se metieron en medicaci\u00f3n que queda a su alcance. Mantenga a su hijo seguro con nuestros consejos de almacenamiento seguro 35,000 young children visit the ER each year because they got into medication left within reach. Keep your child safe with these tips for safe medicine storage.Cada a\u00f1o, 50,000 ni\u00f1os terminan en la sala de emergencias por haber ingerido medicamentos que los adultos dejaron a su alcance. Protege a tu hijo siguiendo nuestros consejos para guardar los medicamentos. 35,000 ni\u00f1os acuden a Urgencias anualmente porque se metieron en medicaci\u00f3n que queda a su alcance. Mantenga a su hijo seguro con nuestros consejos de almacenamiento seguro50,000 young children visit the ER each year because they got into medication left within reach. Keep your child safe with these tips for safe medicine storage.Cada a\u00f1o, 50,000 ni\u00f1os terminan en la sala de emergencias por haber ingerido medicamentos que los adultos dejaron a su alcance. Protege a tu hijo siguiendo nuestros consejos para guardar los medicamentos.50.000 ni\u00f1os acuden a Urgencias anualmente porque se metieron en medicaci\u00f3n que queda a su alcance. Mantenga a su hijo seguro con nuestros consejos de almacenamiento seguro50,000 young children visit the ER each year because they got into medication left within reach. Keep your child safe with these tips for safe medicine storage.{:}\",\"breadcrumb\":{\"@id\":\"https:\/\/upandaway.org\/#breadcrumb\"},\"inLanguage\":\"es\",\"potentialAction\":[{\"@type\":\"ReadAction\",\"target\":[\"https:\/\/upandaway.org\/\"]}]},{\"@type\":\"ImageObject\",\"inLanguage\":\"es\",\"@id\":\"https:\/\/upandaway.org\/#primaryimage\",\"url\":\"https:\/\/upandaway.org\/wp-content\/uploads\/2019\/02\/bg.jpg\",\"contentUrl\":\"https:\/\/upandaway.org\/wp-content\/uploads\/2019\/02\/bg.jpg\",\"width\":990,\"height\":700},{\"@type\":\"BreadcrumbList\",\"@id\":\"https:\/\/upandaway.org\/#breadcrumb\",\"itemListElement\":[{\"@type\":\"ListItem\",\"position\":1,\"name\":\"Home\",\"item\":\"https:\/\/upandaway.org\/\"},{\"@type\":\"ListItem\",\"position\":2,\"name\":\"Avoid a Trip to the Emergency Room\"}]},{\"@type\":\"WebSite\",\"@id\":\"https:\/\/upandaway.org\/#website\",\"url\":\"https:\/\/upandaway.org\/\",\"name\":\"Up and Away\",\"description\":\"(English) Put your Medicines Up and Away and Out of Sight of Children\",\"potentialAction\":[{\"@type\":\"SearchAction\",\"target\":{\"@type\":\"EntryPoint\",\"urlTemplate\":\"https:\/\/upandaway.org\/?s={search_term_string}\"},\"query-input\":{\"@type\":\"PropertyValueSpecification\",\"valueRequired\":true,\"valueName\":\"search_term_string\"}}],\"inLanguage\":\"es\"}]}<\/script>\n<!-- \/ Yoast SEO Premium plugin. -->","yoast_head_json":{"title":"Fuera del Alcance y de la Vista | Pon tus medicamentos fuera del alcance y de la vista de los ni\u00f1osFuera del Acance | Pon tu medicamentos y de la vista de los ni\u00f1os","description":"Cada a\u00f1o, 35,000 ni\u00f1os terminan en la sala de emergencias por haber ingerido medicamentos que los adultos dejaron a su alcance. Protege a tu hijo siguiendo nuestros consejos para guardar los medicamentos. 35,000 ni\u00f1os acuden a Urgencias anualmente porque se metieron en medicaci\u00f3n que queda a su alcance. Mantenga a su hijo seguro con nuestros consejos de almacenamiento seguro 35,000 young children visit the ER each year because they got into medication left within reach. Keep your child safe with these tips for safe medicine storage. Cada a\u00f1o, 35,000 ni\u00f1os terminan en la sala de emergencias por haber ingerido medicamentos que los adultos dejaron a su alcance. Protege a tu hijo siguiendo nuestros consejos para guardar los medicamentos.50.000 ni\u00f1os acuden a Urgencias anualmente porque se metieron en medicaci\u00f3n que queda a su alcance. Mantenga a su hijo seguro con nuestros consejos de almacenamiento seguro 35,000 young children visit the ER each year because they got into medication left within reach. Keep your child safe with these tips for safe medicine storage.Cada a\u00f1o, 50,000 ni\u00f1os terminan en la sala de emergencias por haber ingerido medicamentos que los adultos dejaron a su alcance. Protege a tu hijo siguiendo nuestros consejos para guardar los medicamentos. 35,000 ni\u00f1os acuden a Urgencias anualmente porque se metieron en medicaci\u00f3n que queda a su alcance. Mantenga a su hijo seguro con nuestros consejos de almacenamiento seguro50,000 young children visit the ER each year because they got into medication left within reach. Keep your child safe with these tips for safe medicine storage.Cada a\u00f1o, 50,000 ni\u00f1os terminan en la sala de emergencias por haber ingerido medicamentos que los adultos dejaron a su alcance. Protege a tu hijo siguiendo nuestros consejos para guardar los medicamentos.50.000 ni\u00f1os acuden a Urgencias anualmente porque se metieron en medicaci\u00f3n que queda a su alcance. Mantenga a su hijo seguro con nuestros consejos de almacenamiento seguro50,000 young children visit the ER each year because they got into medication left within reach. Keep your child safe with these tips for safe medicine storage.","robots":{"index":"index","follow":"follow","max-snippet":"max-snippet:-1","max-image-preview":"max-image-preview:large","max-video-preview":"max-video-preview:-1"},"canonical":"https:\/\/upandaway.org\/","og_locale":"es_ES","og_type":"article","og_title":"Avoid a Trip to the Emergency Room","og_description":"{:en}35,000 children visit the ER annually because they got into medication left within reach. Keep your child safe with our safe storage tips.{:es}Cada a\u00f1o, 35,000 ni\u00f1os terminan en la sala de emergencias por haber ingerido medicamentos que los adultos dejaron a su alcance. Protege a tu hijo siguiendo nuestros consejos para guardar los medicamentos. 35,000 ni\u00f1os acuden a Urgencias anualmente porque se metieron en medicaci\u00f3n que queda a su alcance. Mantenga a su hijo seguro con nuestros consejos de almacenamiento seguro 35,000 young children visit the ER each year because they got into medication left within reach. Keep your child safe with these tips for safe medicine storage. Cada a\u00f1o, 35,000 ni\u00f1os terminan en la sala de emergencias por haber ingerido medicamentos que los adultos dejaron a su alcance. Protege a tu hijo siguiendo nuestros consejos para guardar los medicamentos.50.000 ni\u00f1os acuden a Urgencias anualmente porque se metieron en medicaci\u00f3n que queda a su alcance. Mantenga a su hijo seguro con nuestros consejos de almacenamiento seguro 35,000 young children visit the ER each year because they got into medication left within reach. Keep your child safe with these tips for safe medicine storage.Cada a\u00f1o, 50,000 ni\u00f1os terminan en la sala de emergencias por haber ingerido medicamentos que los adultos dejaron a su alcance. Protege a tu hijo siguiendo nuestros consejos para guardar los medicamentos. 35,000 ni\u00f1os acuden a Urgencias anualmente porque se metieron en medicaci\u00f3n que queda a su alcance. Mantenga a su hijo seguro con nuestros consejos de almacenamiento seguro50,000 young children visit the ER each year because they got into medication left within reach. Keep your child safe with these tips for safe medicine storage.Cada a\u00f1o, 50,000 ni\u00f1os terminan en la sala de emergencias por haber ingerido medicamentos que los adultos dejaron a su alcance. Protege a tu hijo siguiendo nuestros consejos para guardar los medicamentos.50.000 ni\u00f1os acuden a Urgencias anualmente porque se metieron en medicaci\u00f3n que queda a su alcance. Mantenga a su hijo seguro con nuestros consejos de almacenamiento seguro50,000 young children visit the ER each year because they got into medication left within reach. Keep your child safe with these tips for safe medicine storage.{:}","og_url":"https:\/\/upandaway.org\/","og_site_name":"Up and Away","article_modified_time":"2023-06-26T13:50:18+00:00","og_image":[{"width":990,"height":700,"url":"https:\/\/upandaway.org\/wp-content\/uploads\/2019\/02\/bg.jpg","type":"image\/jpeg"}],"twitter_card":"summary_large_image","schema":{"@context":"https:\/\/schema.org","@graph":[{"@type":"WebPage","@id":"https:\/\/upandaway.org\/","url":"https:\/\/upandaway.org\/","name":"{:en}Up & Away | Put your Medicines Up and Away and Out of Sight of Children Up & Away | Put your Medicines Out of Sight of Children {:es}Fuera del Alcance y de la Vista | Pon tus medicamentos fuera del alcance y de la vista de los ni\u00f1osFuera del Acance | Pon tu medicamentos y de la vista de los ni\u00f1os{:}","isPartOf":{"@id":"https:\/\/upandaway.org\/#website"},"primaryImageOfPage":{"@id":"https:\/\/upandaway.org\/#primaryimage"},"image":{"@id":"https:\/\/upandaway.org\/#primaryimage"},"thumbnailUrl":"https:\/\/upandaway.org\/wp-content\/uploads\/2019\/02\/bg.jpg","datePublished":"2015-03-03T18:05:28+00:00","dateModified":"2023-06-26T13:50:18+00:00","description":"{:en}35,000 children visit the ER annually because they got into medication left within reach. Keep your child safe with our safe storage tips.{:es}Cada a\u00f1o, 35,000 ni\u00f1os terminan en la sala de emergencias por haber ingerido medicamentos que los adultos dejaron a su alcance. Protege a tu hijo siguiendo nuestros consejos para guardar los medicamentos. 35,000 ni\u00f1os acuden a Urgencias anualmente porque se metieron en medicaci\u00f3n que queda a su alcance. Mantenga a su hijo seguro con nuestros consejos de almacenamiento seguro 35,000 young children visit the ER each year because they got into medication left within reach. Keep your child safe with these tips for safe medicine storage. Cada a\u00f1o, 35,000 ni\u00f1os terminan en la sala de emergencias por haber ingerido medicamentos que los adultos dejaron a su alcance. Protege a tu hijo siguiendo nuestros consejos para guardar los medicamentos.50.000 ni\u00f1os acuden a Urgencias anualmente porque se metieron en medicaci\u00f3n que queda a su alcance. Mantenga a su hijo seguro con nuestros consejos de almacenamiento seguro 35,000 young children visit the ER each year because they got into medication left within reach. Keep your child safe with these tips for safe medicine storage.Cada a\u00f1o, 50,000 ni\u00f1os terminan en la sala de emergencias por haber ingerido medicamentos que los adultos dejaron a su alcance. Protege a tu hijo siguiendo nuestros consejos para guardar los medicamentos. 35,000 ni\u00f1os acuden a Urgencias anualmente porque se metieron en medicaci\u00f3n que queda a su alcance. Mantenga a su hijo seguro con nuestros consejos de almacenamiento seguro50,000 young children visit the ER each year because they got into medication left within reach. Keep your child safe with these tips for safe medicine storage.Cada a\u00f1o, 50,000 ni\u00f1os terminan en la sala de emergencias por haber ingerido medicamentos que los adultos dejaron a su alcance. Protege a tu hijo siguiendo nuestros consejos para guardar los medicamentos.50.000 ni\u00f1os acuden a Urgencias anualmente porque se metieron en medicaci\u00f3n que queda a su alcance. Mantenga a su hijo seguro con nuestros consejos de almacenamiento seguro50,000 young children visit the ER each year because they got into medication left within reach. Keep your child safe with these tips for safe medicine storage.{:}","breadcrumb":{"@id":"https:\/\/upandaway.org\/#breadcrumb"},"inLanguage":"es","potentialAction":[{"@type":"ReadAction","target":["https:\/\/upandaway.org\/"]}]},{"@type":"ImageObject","inLanguage":"es","@id":"https:\/\/upandaway.org\/#primaryimage","url":"https:\/\/upandaway.org\/wp-content\/uploads\/2019\/02\/bg.jpg","contentUrl":"https:\/\/upandaway.org\/wp-content\/uploads\/2019\/02\/bg.jpg","width":990,"height":700},{"@type":"BreadcrumbList","@id":"https:\/\/upandaway.org\/#breadcrumb","itemListElement":[{"@type":"ListItem","position":1,"name":"Home","item":"https:\/\/upandaway.org\/"},{"@type":"ListItem","position":2,"name":"Avoid a Trip to the Emergency Room"}]},{"@type":"WebSite","@id":"https:\/\/upandaway.org\/#website","url":"https:\/\/upandaway.org\/","name":"Up and Away","description":"(English) Put your Medicines Up and Away and Out of Sight of Children","potentialAction":[{"@type":"SearchAction","target":{"@type":"EntryPoint","urlTemplate":"https:\/\/upandaway.org\/?s={search_term_string}"},"query-input":{"@type":"PropertyValueSpecification","valueRequired":true,"valueName":"search_term_string"}}],"inLanguage":"es"}]}},"_links":{"self":[{"href":"https:\/\/upandaway.org\/es\/wp-json\/wp\/v2\/pages\/7","targetHints":{"allow":["GET"]}}],"collection":[{"href":"https:\/\/upandaway.org\/es\/wp-json\/wp\/v2\/pages"}],"about":[{"href":"https:\/\/upandaway.org\/es\/wp-json\/wp\/v2\/types\/page"}],"author":[{"embeddable":true,"href":"https:\/\/upandaway.org\/es\/wp-json\/wp\/v2\/users\/21"}],"replies":[{"embeddable":true,"href":"https:\/\/upandaway.org\/es\/wp-json\/wp\/v2\/comments?post=7"}],"version-history":[{"count":0,"href":"https:\/\/upandaway.org\/es\/wp-json\/wp\/v2\/pages\/7\/revisions"}],"wp:featuredmedia":[{"embeddable":true,"href":"https:\/\/upandaway.org\/es\/wp-json\/wp\/v2\/media\/1406"}],"wp:attachment":[{"href":"https:\/\/upandaway.org\/es\/wp-json\/wp\/v2\/media?parent=7"}],"curies":[{"name":"wp","href":"https:\/\/api.w.org\/{rel}","templated":true}]}}