{"id":1656,"date":"2022-07-07T03:36:13","date_gmt":"2022-07-07T03:36:13","guid":{"rendered":"https:\/\/upandaway.org\/?page_id=1656"},"modified":"2025-07-17T18:01:32","modified_gmt":"2025-07-17T18:01:32","slug":"resources","status":"publish","type":"page","link":"https:\/\/upandaway.org\/es\/resources\/","title":{"rendered":"Recursos"},"content":{"rendered":"<p>El programa Fuera del Alcance y de la Vista ofrece un conjunto de enlaces a recursos y materiales GRATIS para ayudarte a tener m\u00e1s informaci\u00f3n sobre c\u00f3mo proteger a tus hijos, guardando los medicamentos en un lugar seguro. Haz clic en los recursos a continuaci\u00f3n<br \/>\npara descargar o pedir nuestros materiales. <strong>Consulte y descargue el <a href=\"#socialmedia\">kit de herramientas promocionales para las redes sociales.<\/a><\/strong><\/p>","protected":false},"excerpt":{"rendered":"<p>El programa Fuera del Alcance y de la Vista ofrece un conjunto de enlaces a recursos y materiales GRATIS para ayudarte a tener m\u00e1s informaci\u00f3n sobre c\u00f3mo proteger a tus hijos, guardando los medicamentos en un lugar seguro. Haz clic en los recursos a continuaci\u00f3n para descargar o pedir nuestros materiales. Consulte y descargue el [&hellip;]<\/p>\n","protected":false},"author":26,"featured_media":0,"parent":0,"menu_order":0,"comment_status":"closed","ping_status":"closed","template":"pt-resources.php","meta":{"_acf_changed":false,"footnotes":""},"class_list":["post-1656","page","type-page","status-publish","hentry"],"acf":[],"yoast_head":"<!-- This site is optimized with the Yoast SEO Premium plugin v24.6 (Yoast SEO v24.6) - https:\/\/yoast.com\/wordpress\/plugins\/seo\/ -->\n<title>Recursos - Up and Away<\/title>\n<meta name=\"description\" content=\"El programa Fuera del Alcance y de la Vista ofrece un conjunto de enlaces a recursos y materiales GRATIS para ayudarte a tener m\u00e1s informaci\u00f3n sobre c\u00f3mo proteger a tus hijos, guardando los medicamentos en un lugar seguro.\" \/>\n<meta name=\"robots\" content=\"index, follow, max-snippet:-1, max-image-preview:large, max-video-preview:-1\" \/>\n<link rel=\"canonical\" href=\"https:\/\/upandaway.org\/resources\/\" \/>\n<meta property=\"og:locale\" content=\"es_ES\" \/>\n<meta property=\"og:type\" content=\"article\" \/>\n<meta property=\"og:title\" content=\"Resources\" \/>\n<meta property=\"og:description\" content=\"The Up and Away and Out of Sight program has a number of FREE materials and resource links to help you learn more about keeping your children safe by storing medicines safely.\" \/>\n<meta property=\"og:url\" content=\"https:\/\/upandaway.org\/resources\/\" \/>\n<meta property=\"og:site_name\" content=\"Up and Away\" \/>\n<meta property=\"article:modified_time\" content=\"2025-07-17T18:01:32+00:00\" \/>\n<meta property=\"og:image\" content=\"https:\/\/upandaway.org\/wp-content\/uploads\/2022\/07\/home-img-2.jpg\" \/>\n\t<meta property=\"og:image:width\" content=\"722\" \/>\n\t<meta property=\"og:image:height\" content=\"722\" \/>\n\t<meta property=\"og:image:type\" content=\"image\/jpeg\" \/>\n<meta name=\"twitter:card\" content=\"summary_large_image\" \/>\n<meta name=\"twitter:title\" content=\"Resources\" \/>\n<meta name=\"twitter:description\" content=\"The Up and Away and Out of Sight program has a number of FREE materials and resource links to help you learn more about keeping your children safe by storing medicines safely.\" \/>\n<meta name=\"twitter:image\" content=\"https:\/\/upandaway.org\/wp-content\/uploads\/2022\/07\/home-img-2.jpg\" \/>\n<meta name=\"twitter:label1\" content=\"Tiempo de lectura\" \/>\n\t<meta name=\"twitter:data1\" content=\"1 minuto\" \/>\n<script type=\"application\/ld+json\" class=\"yoast-schema-graph\">{\"@context\":\"https:\/\/schema.org\",\"@graph\":[{\"@type\":\"WebPage\",\"@id\":\"https:\/\/upandaway.org\/resources\/\",\"url\":\"https:\/\/upandaway.org\/resources\/\",\"name\":\"{:en}Resources - Up and Away{:es}Recursos - Up and Away{:}\",\"isPartOf\":{\"@id\":\"https:\/\/upandaway.org\/#website\"},\"datePublished\":\"2022-07-07T03:36:13+00:00\",\"dateModified\":\"2025-07-17T18:01:32+00:00\",\"description\":\"{:en}The Up and Away and Out of Sight program has a number of FREE materials and resource links to help you learn more about keeping your children safe by storing medicines safely.The Up and Away and Out of Sight program has a number of FREE materials and resource links to help you learn more about keeping your children safe by storing medicines safely.{:es}El programa Fuera del Alcance y de la Vista ofrece un conjunto de enlaces a recursos y materiales GRATIS para ayudarte a tener m\u00e1s informaci\u00f3n sobre c\u00f3mo proteger a tus hijos, guardando los medicamentos en un lugar seguro.{:}\",\"breadcrumb\":{\"@id\":\"https:\/\/upandaway.org\/resources\/#breadcrumb\"},\"inLanguage\":\"es\",\"potentialAction\":[{\"@type\":\"ReadAction\",\"target\":[\"https:\/\/upandaway.org\/resources\/\"]}]},{\"@type\":\"BreadcrumbList\",\"@id\":\"https:\/\/upandaway.org\/resources\/#breadcrumb\",\"itemListElement\":[{\"@type\":\"ListItem\",\"position\":1,\"name\":\"Home\",\"item\":\"https:\/\/upandaway.org\/\"},{\"@type\":\"ListItem\",\"position\":2,\"name\":\"Resources\"}]},{\"@type\":\"WebSite\",\"@id\":\"https:\/\/upandaway.org\/#website\",\"url\":\"https:\/\/upandaway.org\/\",\"name\":\"Up and Away\",\"description\":\"(English) Put your Medicines Up and Away and Out of Sight of Children\",\"potentialAction\":[{\"@type\":\"SearchAction\",\"target\":{\"@type\":\"EntryPoint\",\"urlTemplate\":\"https:\/\/upandaway.org\/?s={search_term_string}\"},\"query-input\":{\"@type\":\"PropertyValueSpecification\",\"valueRequired\":true,\"valueName\":\"search_term_string\"}}],\"inLanguage\":\"es\"}]}<\/script>\n<!-- \/ Yoast SEO Premium plugin. -->","yoast_head_json":{"title":"Recursos - Up and Away","description":"El programa Fuera del Alcance y de la Vista ofrece un conjunto de enlaces a recursos y materiales GRATIS para ayudarte a tener m\u00e1s informaci\u00f3n sobre c\u00f3mo proteger a tus hijos, guardando los medicamentos en un lugar seguro.","robots":{"index":"index","follow":"follow","max-snippet":"max-snippet:-1","max-image-preview":"max-image-preview:large","max-video-preview":"max-video-preview:-1"},"canonical":"https:\/\/upandaway.org\/resources\/","og_locale":"es_ES","og_type":"article","og_title":"Resources","og_description":"The Up and Away and Out of Sight program has a number of FREE materials and resource links to help you learn more about keeping your children safe by storing medicines safely.","og_url":"https:\/\/upandaway.org\/resources\/","og_site_name":"Up and Away","article_modified_time":"2025-07-17T18:01:32+00:00","og_image":[{"width":722,"height":722,"url":"https:\/\/upandaway.org\/wp-content\/uploads\/2022\/07\/home-img-2.jpg","type":"image\/jpeg"}],"twitter_card":"summary_large_image","twitter_title":"Resources","twitter_description":"The Up and Away and Out of Sight program has a number of FREE materials and resource links to help you learn more about keeping your children safe by storing medicines safely.","twitter_image":"https:\/\/upandaway.org\/wp-content\/uploads\/2022\/07\/home-img-2.jpg","twitter_misc":{"Tiempo de lectura":"1 minuto"},"schema":{"@context":"https:\/\/schema.org","@graph":[{"@type":"WebPage","@id":"https:\/\/upandaway.org\/resources\/","url":"https:\/\/upandaway.org\/resources\/","name":"{:en}Resources - Up and Away{:es}Recursos - Up and Away{:}","isPartOf":{"@id":"https:\/\/upandaway.org\/#website"},"datePublished":"2022-07-07T03:36:13+00:00","dateModified":"2025-07-17T18:01:32+00:00","description":"{:en}The Up and Away and Out of Sight program has a number of FREE materials and resource links to help you learn more about keeping your children safe by storing medicines safely.The Up and Away and Out of Sight program has a number of FREE materials and resource links to help you learn more about keeping your children safe by storing medicines safely.{:es}El programa Fuera del Alcance y de la Vista ofrece un conjunto de enlaces a recursos y materiales GRATIS para ayudarte a tener m\u00e1s informaci\u00f3n sobre c\u00f3mo proteger a tus hijos, guardando los medicamentos en un lugar seguro.{:}","breadcrumb":{"@id":"https:\/\/upandaway.org\/resources\/#breadcrumb"},"inLanguage":"es","potentialAction":[{"@type":"ReadAction","target":["https:\/\/upandaway.org\/resources\/"]}]},{"@type":"BreadcrumbList","@id":"https:\/\/upandaway.org\/resources\/#breadcrumb","itemListElement":[{"@type":"ListItem","position":1,"name":"Home","item":"https:\/\/upandaway.org\/"},{"@type":"ListItem","position":2,"name":"Resources"}]},{"@type":"WebSite","@id":"https:\/\/upandaway.org\/#website","url":"https:\/\/upandaway.org\/","name":"Up and Away","description":"(English) Put your Medicines Up and Away and Out of Sight of Children","potentialAction":[{"@type":"SearchAction","target":{"@type":"EntryPoint","urlTemplate":"https:\/\/upandaway.org\/?s={search_term_string}"},"query-input":{"@type":"PropertyValueSpecification","valueRequired":true,"valueName":"search_term_string"}}],"inLanguage":"es"}]}},"_links":{"self":[{"href":"https:\/\/upandaway.org\/es\/wp-json\/wp\/v2\/pages\/1656","targetHints":{"allow":["GET"]}}],"collection":[{"href":"https:\/\/upandaway.org\/es\/wp-json\/wp\/v2\/pages"}],"about":[{"href":"https:\/\/upandaway.org\/es\/wp-json\/wp\/v2\/types\/page"}],"author":[{"embeddable":true,"href":"https:\/\/upandaway.org\/es\/wp-json\/wp\/v2\/users\/26"}],"replies":[{"embeddable":true,"href":"https:\/\/upandaway.org\/es\/wp-json\/wp\/v2\/comments?post=1656"}],"version-history":[{"count":0,"href":"https:\/\/upandaway.org\/es\/wp-json\/wp\/v2\/pages\/1656\/revisions"}],"wp:attachment":[{"href":"https:\/\/upandaway.org\/es\/wp-json\/wp\/v2\/media?parent=1656"}],"curies":[{"name":"wp","href":"https:\/\/api.w.org\/{rel}","templated":true}]}}