{"id":1603,"date":"2022-07-18T03:07:40","date_gmt":"2022-07-18T03:07:40","guid":{"rendered":"https:\/\/upandaway.org\/?page_id=1603"},"modified":"2023-12-01T20:07:20","modified_gmt":"2023-12-01T20:07:20","slug":"about-us","status":"publish","type":"page","link":"https:\/\/upandaway.org\/es\/about-us\/","title":{"rendered":"Qui\u00e9nes somos"},"content":{"rendered":"<p><\/p>\n<h5>INFORMACI\u00d3N DE CONTACTO PARA EMERGENCIAS<\/h5>\n<h2>Prep\u00e1rate para una emergencia.<\/h2>\n<p>Guarda el n\u00famero de Poison Help (<a href=\"tel:800-222-1222\">800-222-1222<\/a>) en tus tel\u00e9fonos para que lo tengas a mano cuando lo necesites, y cerci\u00f3rate de que la ni\u00f1era, tus hijos de mayor edad, los abuelos y tus invitados habituales tambi\u00e9n tengan esta informaci\u00f3n por si tienen que responder a una emergencia.<\/p>\n<p>Aunque no tengas total certeza, llama inmediatamente a Poison Help si crees que tu ni\u00f1o ha ingerido un medicamento o una vitamina. Tambi\u00e9n puedes visitar <a href=\"https:\/\/www.poisonhelp.org\/\"><strong>www.poisonhelp.org<\/strong><\/a><\/p>","protected":false},"excerpt":{"rendered":"<p>INFORMACI\u00d3N DE CONTACTO PARA EMERGENCIAS Prep\u00e1rate para una emergencia. Guarda el n\u00famero de Poison Help (800-222-1222) en tus tel\u00e9fonos para que lo tengas a mano cuando lo necesites, y cerci\u00f3rate de que la ni\u00f1era, tus hijos de mayor edad, los abuelos y tus invitados habituales tambi\u00e9n tengan esta informaci\u00f3n por si tienen que responder a [&hellip;]<\/p>\n","protected":false},"author":26,"featured_media":0,"parent":0,"menu_order":0,"comment_status":"closed","ping_status":"closed","template":"pt-about.php","meta":{"_acf_changed":false,"footnotes":""},"class_list":["post-1603","page","type-page","status-publish","hentry"],"acf":[],"yoast_head":"<!-- This site is optimized with the Yoast SEO Premium plugin v24.6 (Yoast SEO v24.6) - https:\/\/yoast.com\/wordpress\/plugins\/seo\/ -->\n<title>Acerca de Fuera del Alcance y de la Vista Acerca de Fuera del Alcance y de la VistaSobre - Fuera del AlcanceSobre - Fuera del AlcanceTItle spanish<\/title>\n<meta name=\"description\" content=\"Fuera del Alcance y de la Vista es un programa educativo para recordarles a las familias la importancia de guardar los medicamentos en un lugar seguroFuera del Alcance y de la Vista es un programa educativo para recordarles a las familias la importancia de guardar los medicamentos en un lugar seguroTest spanishTest spanish\" \/>\n<meta name=\"robots\" content=\"index, follow, max-snippet:-1, max-image-preview:large, max-video-preview:-1\" \/>\n<link rel=\"canonical\" href=\"https:\/\/upandaway.org\/about-us\/\" \/>\n<meta property=\"og:locale\" content=\"es_ES\" \/>\n<meta property=\"og:type\" content=\"article\" \/>\n<meta property=\"og:title\" content=\"Qui\u00e9nes somos\" \/>\n<meta property=\"og:description\" content=\"{:en}Up and Away and Out of Sight is an educational program to remind families about the importance of safe medicine storage. {:es}Fuera del Alcance y de la Vista es un programa educativo para recordarles a las familias la importancia de guardar los medicamentos en un lugar seguroFuera del Alcance y de la Vista es un programa educativo para recordarles a las familias la importancia de guardar los medicamentos en un lugar seguroTest spanishTest spanish{:}\" \/>\n<meta property=\"og:url\" content=\"https:\/\/upandaway.org\/about-us\/\" \/>\n<meta property=\"og:site_name\" content=\"Up and Away\" \/>\n<meta property=\"article:modified_time\" content=\"2023-12-01T20:07:20+00:00\" \/>\n<meta name=\"twitter:card\" content=\"summary_large_image\" \/>\n<meta name=\"twitter:label1\" content=\"Tiempo de lectura\" \/>\n\t<meta name=\"twitter:data1\" content=\"1 minuto\" \/>\n<script type=\"application\/ld+json\" class=\"yoast-schema-graph\">{\"@context\":\"https:\/\/schema.org\",\"@graph\":[{\"@type\":\"WebPage\",\"@id\":\"https:\/\/upandaway.org\/about-us\/\",\"url\":\"https:\/\/upandaway.org\/about-us\/\",\"name\":\"{:en}About - Up and Away {:es}Acerca de Fuera del Alcance y de la Vista Acerca de Fuera del Alcance y de la VistaSobre - Fuera del AlcanceSobre - Fuera del AlcanceTItle spanish{:}\",\"isPartOf\":{\"@id\":\"https:\/\/upandaway.org\/#website\"},\"datePublished\":\"2022-07-18T03:07:40+00:00\",\"dateModified\":\"2023-12-01T20:07:20+00:00\",\"description\":\"{:en}Up and Away and Out of Sight is an educational program to remind families about the importance of safe medicine storage. {:es}Fuera del Alcance y de la Vista es un programa educativo para recordarles a las familias la importancia de guardar los medicamentos en un lugar seguroFuera del Alcance y de la Vista es un programa educativo para recordarles a las familias la importancia de guardar los medicamentos en un lugar seguroTest spanishTest spanish{:}\",\"breadcrumb\":{\"@id\":\"https:\/\/upandaway.org\/about-us\/#breadcrumb\"},\"inLanguage\":\"es\",\"potentialAction\":[{\"@type\":\"ReadAction\",\"target\":[\"https:\/\/upandaway.org\/about-us\/\"]}]},{\"@type\":\"BreadcrumbList\",\"@id\":\"https:\/\/upandaway.org\/about-us\/#breadcrumb\",\"itemListElement\":[{\"@type\":\"ListItem\",\"position\":1,\"name\":\"Home\",\"item\":\"https:\/\/upandaway.org\/\"},{\"@type\":\"ListItem\",\"position\":2,\"name\":\"About Us\"}]},{\"@type\":\"WebSite\",\"@id\":\"https:\/\/upandaway.org\/#website\",\"url\":\"https:\/\/upandaway.org\/\",\"name\":\"Up and Away\",\"description\":\"(English) Put your Medicines Up and Away and Out of Sight of Children\",\"potentialAction\":[{\"@type\":\"SearchAction\",\"target\":{\"@type\":\"EntryPoint\",\"urlTemplate\":\"https:\/\/upandaway.org\/?s={search_term_string}\"},\"query-input\":{\"@type\":\"PropertyValueSpecification\",\"valueRequired\":true,\"valueName\":\"search_term_string\"}}],\"inLanguage\":\"es\"}]}<\/script>\n<!-- \/ Yoast SEO Premium plugin. -->","yoast_head_json":{"title":"Acerca de Fuera del Alcance y de la Vista Acerca de Fuera del Alcance y de la VistaSobre - Fuera del AlcanceSobre - Fuera del AlcanceTItle spanish","description":"Fuera del Alcance y de la Vista es un programa educativo para recordarles a las familias la importancia de guardar los medicamentos en un lugar seguroFuera del Alcance y de la Vista es un programa educativo para recordarles a las familias la importancia de guardar los medicamentos en un lugar seguroTest spanishTest spanish","robots":{"index":"index","follow":"follow","max-snippet":"max-snippet:-1","max-image-preview":"max-image-preview:large","max-video-preview":"max-video-preview:-1"},"canonical":"https:\/\/upandaway.org\/about-us\/","og_locale":"es_ES","og_type":"article","og_title":"Qui\u00e9nes somos","og_description":"{:en}Up and Away and Out of Sight is an educational program to remind families about the importance of safe medicine storage. {:es}Fuera del Alcance y de la Vista es un programa educativo para recordarles a las familias la importancia de guardar los medicamentos en un lugar seguroFuera del Alcance y de la Vista es un programa educativo para recordarles a las familias la importancia de guardar los medicamentos en un lugar seguroTest spanishTest spanish{:}","og_url":"https:\/\/upandaway.org\/about-us\/","og_site_name":"Up and Away","article_modified_time":"2023-12-01T20:07:20+00:00","twitter_card":"summary_large_image","twitter_misc":{"Tiempo de lectura":"1 minuto"},"schema":{"@context":"https:\/\/schema.org","@graph":[{"@type":"WebPage","@id":"https:\/\/upandaway.org\/about-us\/","url":"https:\/\/upandaway.org\/about-us\/","name":"{:en}About - Up and Away {:es}Acerca de Fuera del Alcance y de la Vista Acerca de Fuera del Alcance y de la VistaSobre - Fuera del AlcanceSobre - Fuera del AlcanceTItle spanish{:}","isPartOf":{"@id":"https:\/\/upandaway.org\/#website"},"datePublished":"2022-07-18T03:07:40+00:00","dateModified":"2023-12-01T20:07:20+00:00","description":"{:en}Up and Away and Out of Sight is an educational program to remind families about the importance of safe medicine storage. {:es}Fuera del Alcance y de la Vista es un programa educativo para recordarles a las familias la importancia de guardar los medicamentos en un lugar seguroFuera del Alcance y de la Vista es un programa educativo para recordarles a las familias la importancia de guardar los medicamentos en un lugar seguroTest spanishTest spanish{:}","breadcrumb":{"@id":"https:\/\/upandaway.org\/about-us\/#breadcrumb"},"inLanguage":"es","potentialAction":[{"@type":"ReadAction","target":["https:\/\/upandaway.org\/about-us\/"]}]},{"@type":"BreadcrumbList","@id":"https:\/\/upandaway.org\/about-us\/#breadcrumb","itemListElement":[{"@type":"ListItem","position":1,"name":"Home","item":"https:\/\/upandaway.org\/"},{"@type":"ListItem","position":2,"name":"About Us"}]},{"@type":"WebSite","@id":"https:\/\/upandaway.org\/#website","url":"https:\/\/upandaway.org\/","name":"Up and Away","description":"(English) Put your Medicines Up and Away and Out of Sight of Children","potentialAction":[{"@type":"SearchAction","target":{"@type":"EntryPoint","urlTemplate":"https:\/\/upandaway.org\/?s={search_term_string}"},"query-input":{"@type":"PropertyValueSpecification","valueRequired":true,"valueName":"search_term_string"}}],"inLanguage":"es"}]}},"_links":{"self":[{"href":"https:\/\/upandaway.org\/es\/wp-json\/wp\/v2\/pages\/1603","targetHints":{"allow":["GET"]}}],"collection":[{"href":"https:\/\/upandaway.org\/es\/wp-json\/wp\/v2\/pages"}],"about":[{"href":"https:\/\/upandaway.org\/es\/wp-json\/wp\/v2\/types\/page"}],"author":[{"embeddable":true,"href":"https:\/\/upandaway.org\/es\/wp-json\/wp\/v2\/users\/26"}],"replies":[{"embeddable":true,"href":"https:\/\/upandaway.org\/es\/wp-json\/wp\/v2\/comments?post=1603"}],"version-history":[{"count":0,"href":"https:\/\/upandaway.org\/es\/wp-json\/wp\/v2\/pages\/1603\/revisions"}],"wp:attachment":[{"href":"https:\/\/upandaway.org\/es\/wp-json\/wp\/v2\/media?parent=1603"}],"curies":[{"name":"wp","href":"https:\/\/api.w.org\/{rel}","templated":true}]}}